{"id":86,"date":"2018-09-19T14:51:24","date_gmt":"2018-09-19T17:51:24","guid":{"rendered":"http:\/\/mih.unilab.edu.br\/?page_id=86"},"modified":"2019-05-21T12:04:16","modified_gmt":"2019-05-21T15:04:16","slug":"grupos-de-pesquisa","status":"publish","type":"page","link":"https:\/\/profmat.unilab.edu.br\/index.php\/grupos-de-pesquisa\/","title":{"rendered":"Grupos de pesquisa"},"content":{"rendered":"\n<h2 class=\"wp-block-heading\">Matem\u00e1tica na Unilab<\/h2>\n\n\n\n<ul class=\"wp-block-list\"><li>Danila Fernandes Tavares<\/li><li>Jo\u00e3o Francisco da Silva Filho (Coordenador)<\/li><li>Joserlan Perote da Silva<\/li><li>Marcelo D\u00e1rio dos Santos Amaral<\/li><li>Rafael Jorge Pontes Di\u00f3genes<\/li><li>Rodrigo Mendes Pereira<\/li><li>Weslley Marinho Loz\u00f3rio<\/li><\/ul>\n\n\n<h2 data-tadv-p=\"keep\">Grupo de Pesquisa e Ensino em Matem\u00e1tica<\/h2>\n\n\n<ul class=\"wp-block-list\"><li>Amanda Ang\u00e9lica Feltrin Nunes<\/li><li>Danila Fernandes Tavares<\/li><li>Jo\u00e3o Francisco da Silva Filho<\/li><li>Joserlan Perote da Silva<\/li><li>Rafael Jorge Pontes Di\u00f3genes (Coordenador)<\/li><\/ul>\n","protected":false},"excerpt":{"rendered":"<p>Matem\u00e1tica na Unilab Danila Fernandes Tavares Jo\u00e3o Francisco da Silva Filho (Coordenador) Joserlan Perote da Silva Marcelo D\u00e1rio dos Santos Amaral Rafael Jorge Pontes Di\u00f3genes Rodrigo Mendes Pereira Weslley Marinho Loz\u00f3rio Grupo de Pesquisa e Ensino em Matem\u00e1tica Amanda Ang\u00e9lica Feltrin Nunes Danila Fernandes Tavares Jo\u00e3o Francisco da Silva Filho Joserlan Perote da Silva Rafael [&hellip;]<\/p>\n","protected":false},"author":2,"featured_media":0,"parent":0,"menu_order":0,"comment_status":"closed","ping_status":"closed","template":"","meta":{"footnotes":""},"class_list":["post-86","page","type-page","status-publish","hentry"],"_links":{"self":[{"href":"https:\/\/profmat.unilab.edu.br\/index.php\/wp-json\/wp\/v2\/pages\/86","targetHints":{"allow":["GET"]}}],"collection":[{"href":"https:\/\/profmat.unilab.edu.br\/index.php\/wp-json\/wp\/v2\/pages"}],"about":[{"href":"https:\/\/profmat.unilab.edu.br\/index.php\/wp-json\/wp\/v2\/types\/page"}],"author":[{"embeddable":true,"href":"https:\/\/profmat.unilab.edu.br\/index.php\/wp-json\/wp\/v2\/users\/2"}],"replies":[{"embeddable":true,"href":"https:\/\/profmat.unilab.edu.br\/index.php\/wp-json\/wp\/v2\/comments?post=86"}],"version-history":[{"count":3,"href":"https:\/\/profmat.unilab.edu.br\/index.php\/wp-json\/wp\/v2\/pages\/86\/revisions"}],"predecessor-version":[{"id":295,"href":"https:\/\/profmat.unilab.edu.br\/index.php\/wp-json\/wp\/v2\/pages\/86\/revisions\/295"}],"wp:attachment":[{"href":"https:\/\/profmat.unilab.edu.br\/index.php\/wp-json\/wp\/v2\/media?parent=86"}],"curies":[{"name":"wp","href":"https:\/\/api.w.org\/{rel}","templated":true}]}}