{"id":78,"date":"2018-09-19T14:44:41","date_gmt":"2018-09-19T17:44:41","guid":{"rendered":"http:\/\/mih.unilab.edu.br\/?page_id=78"},"modified":"2018-10-08T12:33:04","modified_gmt":"2018-10-08T15:33:04","slug":"processo-seletivo","status":"publish","type":"page","link":"https:\/\/profmat.unilab.edu.br\/index.php\/processo-seletivo\/","title":{"rendered":"Processo seletivo"},"content":{"rendered":"<p><span style=\"color: #000000;\">O ingresso no PROFMAT\/UNILAB d\u00e1-se exclusivamente por meio do Exame Nacional de Acesso (ENA) que ocorre todos os anos e \u00e9 coordenado pela SBM. Este exame ocorrem todos os anos em todas as Institui\u00e7\u00f5es associadas, simultaneamente, e consiste de uma prova com 30 quest\u00f5es de m\u00faltipla escolha versando sobre conte\u00fados espec\u00edficos do ensino m\u00e9dio.<\/span><\/p>\n<p><a href=\"http:\/\/www.profmat-sbm.org.br\/funcionamento\/memoria\/ena\/provas\/\">Clique aqui<\/a> <span style=\"color: #000000;\">ter acesso as provas e gabaritos dos exames.<\/span><\/p>\n","protected":false},"excerpt":{"rendered":"<p>O ingresso no PROFMAT\/UNILAB d\u00e1-se exclusivamente por meio do Exame Nacional de Acesso (ENA) que ocorre todos os anos e \u00e9 coordenado pela SBM. Este exame ocorrem todos os anos em todas as Institui\u00e7\u00f5es associadas, simultaneamente, e consiste de uma prova com 30 quest\u00f5es de m\u00faltipla escolha versando sobre conte\u00fados espec\u00edficos do ensino m\u00e9dio. Clique [&hellip;]<\/p>\n","protected":false},"author":2,"featured_media":0,"parent":0,"menu_order":0,"comment_status":"closed","ping_status":"closed","template":"","meta":{"footnotes":""},"class_list":["post-78","page","type-page","status-publish","hentry"],"_links":{"self":[{"href":"https:\/\/profmat.unilab.edu.br\/index.php\/wp-json\/wp\/v2\/pages\/78","targetHints":{"allow":["GET"]}}],"collection":[{"href":"https:\/\/profmat.unilab.edu.br\/index.php\/wp-json\/wp\/v2\/pages"}],"about":[{"href":"https:\/\/profmat.unilab.edu.br\/index.php\/wp-json\/wp\/v2\/types\/page"}],"author":[{"embeddable":true,"href":"https:\/\/profmat.unilab.edu.br\/index.php\/wp-json\/wp\/v2\/users\/2"}],"replies":[{"embeddable":true,"href":"https:\/\/profmat.unilab.edu.br\/index.php\/wp-json\/wp\/v2\/comments?post=78"}],"version-history":[{"count":5,"href":"https:\/\/profmat.unilab.edu.br\/index.php\/wp-json\/wp\/v2\/pages\/78\/revisions"}],"predecessor-version":[{"id":236,"href":"https:\/\/profmat.unilab.edu.br\/index.php\/wp-json\/wp\/v2\/pages\/78\/revisions\/236"}],"wp:attachment":[{"href":"https:\/\/profmat.unilab.edu.br\/index.php\/wp-json\/wp\/v2\/media?parent=78"}],"curies":[{"name":"wp","href":"https:\/\/api.w.org\/{rel}","templated":true}]}}