{"id":69,"date":"2018-09-19T14:33:58","date_gmt":"2018-09-19T17:33:58","guid":{"rendered":"http:\/\/mih.unilab.edu.br\/?page_id=69"},"modified":"2021-07-14T17:31:46","modified_gmt":"2021-07-14T20:31:46","slug":"legislacao-e-normas","status":"publish","type":"page","link":"https:\/\/profmat.unilab.edu.br\/index.php\/legislacao-e-normas\/","title":{"rendered":"Legisla\u00e7\u00e3o e Normas"},"content":{"rendered":"<p><span style=\"color: #000000;\">As normas internas do PROFMAT na UNILAB est\u00e3o contidas no Projeto Pol\u00edtico Pedag\u00f3gico e no Regimento Interno. Al\u00e9m destes, existem as normas gerais do programa (nacional). Abaixo encontram-se os arquivos e links para tais normas.<\/span><\/p>\n<p><a href=\"https:\/\/profmat.unilab.edu.br\/wp-content\/uploads\/2021\/07\/PPC_Profmat_Atualizado-2020.pdf\" target=\"_blank\" rel=\"noopener\">Projeto Pedag\u00f3gico &#8211; PPC &#8211; Vers\u00e3o 2020<\/a><\/p>\n<p><a href=\"https:\/\/profmat.unilab.edu.br\/wp-content\/uploads\/2018\/10\/PPC.pdf\">Projeto Pol\u00edtico Pedag\u00f3gico &#8211;\u00a0 PPC<\/a><\/p>\n<p><a href=\"https:\/\/profmat.unilab.edu.br\/wp-content\/uploads\/2021\/07\/Regimento-Interno_Profmat_Atualizado-2020.pdf\" target=\"_blank\" rel=\"noopener\">Regimento Interno PROFMAT\/UNILAB &#8211; Vers\u00e3o 2020<\/a><\/p>\n<p><a href=\"https:\/\/profmat.unilab.edu.br\/wp-content\/uploads\/2018\/10\/Regimento-do-Profmat-UNILAB-FINAL-COMISS\u00c3O.pdf\">Regimento Interno PROFMAT\/UNILAB<\/a><\/p>\n<p><a href=\"http:\/\/www.profmat-sbm.org.br\/rotina-academica\/normas\/\">Normas Acad\u00eamicas<\/a><\/p>\n<p><a href=\"http:\/\/www.profmat-sbm.org.br\/wp-content\/uploads\/sites\/23\/2017\/12\/Termo-de-Compromisso-PROFMAT.pdf\">Normas para concess\u00e3o de bolsas<\/a><\/p>\n<p><a href=\"http:\/\/www.profmat-sbm.org.br\/normas-do-exame-nacional-de-qualificacao\/\">Normas do Exame Nacional de Qualifica\u00e7\u00e3o<\/a><\/p>\n","protected":false},"excerpt":{"rendered":"<p>As normas internas do PROFMAT na UNILAB est\u00e3o contidas no Projeto Pol\u00edtico Pedag\u00f3gico e no Regimento Interno. Al\u00e9m destes, existem as normas gerais do programa (nacional). Abaixo encontram-se os arquivos e links para tais normas. Projeto Pedag\u00f3gico &#8211; PPC &#8211; Vers\u00e3o 2020 Projeto Pol\u00edtico Pedag\u00f3gico &#8211;\u00a0 PPC Regimento Interno PROFMAT\/UNILAB &#8211; Vers\u00e3o 2020 Regimento Interno [&hellip;]<\/p>\n","protected":false},"author":2,"featured_media":0,"parent":0,"menu_order":0,"comment_status":"closed","ping_status":"closed","template":"","meta":{"footnotes":""},"class_list":["post-69","page","type-page","status-publish","hentry"],"_links":{"self":[{"href":"https:\/\/profmat.unilab.edu.br\/index.php\/wp-json\/wp\/v2\/pages\/69","targetHints":{"allow":["GET"]}}],"collection":[{"href":"https:\/\/profmat.unilab.edu.br\/index.php\/wp-json\/wp\/v2\/pages"}],"about":[{"href":"https:\/\/profmat.unilab.edu.br\/index.php\/wp-json\/wp\/v2\/types\/page"}],"author":[{"embeddable":true,"href":"https:\/\/profmat.unilab.edu.br\/index.php\/wp-json\/wp\/v2\/users\/2"}],"replies":[{"embeddable":true,"href":"https:\/\/profmat.unilab.edu.br\/index.php\/wp-json\/wp\/v2\/comments?post=69"}],"version-history":[{"count":7,"href":"https:\/\/profmat.unilab.edu.br\/index.php\/wp-json\/wp\/v2\/pages\/69\/revisions"}],"predecessor-version":[{"id":564,"href":"https:\/\/profmat.unilab.edu.br\/index.php\/wp-json\/wp\/v2\/pages\/69\/revisions\/564"}],"wp:attachment":[{"href":"https:\/\/profmat.unilab.edu.br\/index.php\/wp-json\/wp\/v2\/media?parent=69"}],"curies":[{"name":"wp","href":"https:\/\/api.w.org\/{rel}","templated":true}]}}