{"id":42,"date":"2018-09-12T20:51:03","date_gmt":"2018-09-12T23:51:03","guid":{"rendered":"http:\/\/mih.unilab.edu.br\/?page_id=38"},"modified":"2023-08-12T02:20:13","modified_gmt":"2023-08-12T05:20:13","slug":"estrutura-curricular","status":"publish","type":"page","link":"https:\/\/profmat.unilab.edu.br\/index.php\/estrutura-curricular\/","title":{"rendered":"Estrutura Curricular"},"content":{"rendered":"<p><span style=\"color: #000000;\">O projeto pedag\u00f3gico do PROFMAT oferece atividades presenciais e a dist\u00e2ncia, as quais s\u00e3o organizadas em disciplinas obrigat\u00f3rias, disciplinas eletivas e trabalho de conclus\u00e3o de curso do PROFMAT, conforme a Matriz Curricular definida pela Comiss\u00e3o Acad\u00eamica Nacional e s\u00e3o oferecidas regularmente em tr\u00eas per\u00edodos letivos: Primeiro Per\u00edodo Letivo, Segundo Per\u00edodo Letivo e Per\u00edodo de Ver\u00e3o, segundo a programa\u00e7\u00e3o estabelecida pela Comiss\u00e3o Acad\u00eamica Nacional.<\/span><\/p>\n<p><span style=\"color: #000000;\">As descri\u00e7\u00f5es, ementas, programas e bibliografias das disciplinas s\u00e3o definidas no Cat\u00e1logo de Disciplinas, elaborado e revisado regularmente pela Comiss\u00e3o Acad\u00eamica Nacional. O trabalho de conclus\u00e3o de curso do PROFMAT poder\u00e1 ser apresentado em diferentes formatos, tais como disserta\u00e7\u00e3o, revis\u00e3o sistem\u00e1tica e aprofundada da literatura, artigo, patente, registros de propriedade intelectual, projetos t\u00e9cnicos, publica\u00e7\u00f5es tecnol\u00f3gicas; desenvolvimento de aplicativos, de materiais did\u00e1ticos e instrucionais e de produtos, processos e t\u00e9cnicas; produ\u00e7\u00e3o de programas de m\u00eddia, editoriais, relat\u00f3rios finais de pesquisa, softwares, projeto de aplica\u00e7\u00e3o ou adequa\u00e7\u00e3o tecnol\u00f3gica, prot\u00f3tipos para desenvolvimento ou produ\u00e7\u00e3o de instrumentos, equipamentos e kits, projetos de inova\u00e7\u00e3o tecnol\u00f3gica, sem preju\u00edzo de outros formatos, de acordo com temas espec\u00edficos pertinentes ao curr\u00edculo de Matem\u00e1tica da Educa\u00e7\u00e3o B\u00e1sica e impacto na pr\u00e1tica did\u00e1tica em sala de aula.<\/span><\/p>\n<p><span style=\"color: #000000;\">Nas tabelas abaixo \u00e9 descriminado as disciplinas obrigat\u00f3rias e as eletivas. As ementas e carga-hor\u00e1rias das disciplinas encontra-se no PPC.<\/span><\/p>\n<p><span style=\"color: #000000;\">Disciplinas obrigat\u00f3rias<\/span><\/p>\n<table style=\"border-collapse: collapse; width: 100%; height: 192px;\">\n<tbody>\n<tr style=\"height: 24px; background-color: #27f5f5;\">\n<td style=\"width: 61.5351%; height: 24px; text-align: center; border-style: solid; border-color: #000000;\" colspan=\"2\"><span style=\"color: #000000;\"><strong>Primeiro per\u00edodo letivo<\/strong><\/span><\/td>\n<td style=\"width: 32.5254%; height: 24px; text-align: center; border-style: solid; border-color: #000000;\"><span style=\"color: #000000;\"><strong>Per\u00edodo de ver\u00e3o<\/strong><\/span><\/td>\n<\/tr>\n<tr style=\"height: 24px;\">\n<td style=\"width: 31.2727%; height: 24px; text-align: center; border-style: solid; border-color: #000000;\"><span style=\"color: #000000;\"><strong>1\u00ba semestre<\/strong><\/span><\/td>\n<td style=\"width: 30.2624%; height: 24px; text-align: center; border-style: solid; border-color: #000000;\"><span style=\"color: #000000;\"><strong>2\u00ba semestre<\/strong><\/span><\/td>\n<td style=\"width: 32.5254%; height: 24px; text-align: center; border-style: solid; border-color: #000000;\" rowspan=\"3\"><span style=\"color: #000000;\">MA 21 \u2013 Resolu\u00e7\u00e3o de Problemas<\/span><\/td>\n<\/tr>\n<tr style=\"height: 24px;\">\n<td style=\"width: 31.2727%; height: 24px; text-align: center; border-style: solid; border-color: #000000;\"><span style=\"color: #000000;\">MA 11 \u2013 N\u00fameros e Fun\u00e7\u00f5es Reais<\/span><\/td>\n<td style=\"width: 30.2624%; height: 24px; text-align: center; border-style: solid; border-color: #000000;\"><span style=\"color: #000000;\">MA 13 \u2013 Geometria<\/span><\/td>\n<\/tr>\n<tr style=\"height: 24px;\">\n<td style=\"width: 31.2727%; height: 24px; text-align: center; border-style: solid; border-color: #000000;\"><span style=\"color: #000000;\">MA 12 \u2013 Matem\u00e1tica Discreta<\/span><\/td>\n<td style=\"width: 30.2624%; height: 24px; text-align: center; border-style: solid; border-color: #000000;\"><span style=\"color: #000000;\">MA 14 \u2013 Aritm\u00e9tica<\/span><\/td>\n<\/tr>\n<tr style=\"height: 24px; background-color: #27f5f5;\">\n<td style=\"width: 61.5351%; height: 24px; text-align: center; border-style: solid; border-color: #000000;\" colspan=\"2\"><span style=\"color: #000000;\"><strong>Segundo per\u00edodo letivo<\/strong><\/span><\/td>\n<td style=\"width: 32.5254%; height: 24px; text-align: center; border-style: solid; border-color: #000000;\"><span style=\"color: #000000;\"><strong>Per\u00edodo de ver\u00e3o<\/strong><\/span><\/td>\n<\/tr>\n<tr style=\"height: 24px;\">\n<td style=\"width: 31.2727%; height: 24px; text-align: center; border-style: solid; border-color: #000000;\"><span style=\"color: #000000;\"><strong>1\u00ba semestre<\/strong><\/span><\/td>\n<td style=\"width: 30.2624%; height: 24px; text-align: center; border-style: solid; border-color: #000000;\"><span style=\"color: #000000;\"><strong>\u00a02\u00ba semestre<\/strong><\/span><\/td>\n<td style=\"width: 32.5254%; height: 24px; text-align: center; border-style: solid; border-color: #000000;\" rowspan=\"3\"><span style=\"color: #000000;\">Finaliza\u00e7\u00e3o do trabalho de conclus\u00e3o do curso<\/span><\/td>\n<\/tr>\n<tr style=\"height: 24px;\">\n<td style=\"width: 31.2727%; height: 24px; text-align: center; border-style: solid; border-color: #000000;\"><span style=\"color: #000000;\">MA 22 \u2013 Fundamentos de C\u00e1lculo<\/span><\/td>\n<td style=\"width: 30.2624%; height: 24px; text-align: center; border-style: solid; border-color: #000000;\"><span style=\"color: #000000;\">MA 23 \u2013 Geometria Anal\u00edtica<\/span><\/td>\n<\/tr>\n<tr style=\"height: 24px;\">\n<td style=\"width: 31.2727%; height: 24px; text-align: center; border-style: solid; border-color: #000000;\"><span style=\"color: #000000;\">Eletiva I<\/span><\/td>\n<td style=\"width: 30.2624%; height: 24px; text-align: center; border-style: solid; border-color: #000000;\"><span style=\"color: #000000;\">Eletiva II<\/span><\/td>\n<\/tr>\n<\/tbody>\n<\/table>\n<p>&nbsp;<\/p>\n<p><span style=\"color: #000000;\">Disciplinas eletivas<\/span><\/p>\n<table style=\"border-collapse: collapse; width: 100%;\">\n<tbody>\n<tr style=\"height: 24px; background-color: #27f5f5;\">\n<td style=\"width: 100%; text-align: center; border-style: solid; border-color: #000000; height: 24px;\" colspan=\"2\"><span style=\"color: #000000;\"><strong>Eletivas<\/strong><\/span><\/td>\n<\/tr>\n<tr style=\"height: 24px;\">\n<td style=\"width: 42.6061%; border-style: solid; border-color: #000000; height: 24px;\"><span style=\"color: #000000;\">MA 31 \u2013 T\u00f3picos de Hist\u00f3ria da Matem\u00e1tica<\/span><\/td>\n<td style=\"width: 57.3939%; border-style: solid; border-color: #000000; height: 24px;\"><span style=\"color: #000000;\">MA 32 \u2013 T\u00f3picos de Teoria dos N\u00fameros<\/span><\/td>\n<\/tr>\n<tr style=\"height: 24px;\">\n<td style=\"width: 42.6061%; border-style: solid; border-color: #000000; height: 24px;\"><span style=\"color: #000000;\">MA 33 \u2013 Introdu\u00e7\u00e3o \u00e0 \u00c1lgebra Linear<\/span><\/td>\n<td style=\"width: 57.3939%; border-style: solid; border-color: #000000; height: 24px;\"><span style=\"color: #000000;\">MA 34 \u2013 T\u00f3picos de C\u00e1lculo Diferencial e Integral<\/span><\/td>\n<\/tr>\n<tr style=\"height: 24px;\">\n<td style=\"width: 42.6061%; border-style: solid; border-color: #000000; height: 24px;\"><span style=\"color: #000000;\">MA 35 \u2013 Matem\u00e1tica e Atualidade I<\/span><\/td>\n<td style=\"width: 57.3939%; border-style: solid; border-color: #000000; height: 24px;\"><span style=\"color: #000000;\">MA 36 \u2013 Recursos Computacionais no Ensino de Matem\u00e1tica<\/span><\/td>\n<\/tr>\n<tr style=\"height: 24px;\">\n<td style=\"width: 42.6061%; border-style: solid; border-color: #000000; height: 24px;\"><span style=\"color: #000000;\">MA 37 \u2013 Modelagem Matem\u00e1tica<\/span><\/td>\n<td style=\"width: 57.3939%; border-style: solid; border-color: #000000; height: 24px;\"><span style=\"color: #000000;\">MA 38 \u2013 Polin\u00f4mios e Equa\u00e7\u00f5es Alg\u00e9bricas<\/span><\/td>\n<\/tr>\n<tr style=\"height: 24px;\">\n<td style=\"width: 42.6061%; border-style: solid; border-color: #000000; height: 24px;\"><span style=\"color: #000000;\">MA 39 \u2013 Geometria Espacial<\/span><\/td>\n<td style=\"width: 57.3939%; border-style: solid; border-color: #000000; height: 24px;\"><span style=\"color: #000000;\">MA 40 \u2013 T\u00f3picos de Matem\u00e1tica<\/span><\/td>\n<\/tr>\n<tr style=\"height: 24px;\">\n<td style=\"width: 42.6061%; border-style: solid; border-color: #000000; height: 24px;\"><span style=\"color: #000000;\">MA 41 \u2013 Probabilidade e Estat\u00edstica<\/span><\/td>\n<td style=\"width: 57.3939%; border-style: solid; border-color: #000000; height: 24px;\"><span style=\"color: #000000;\">MA 42 \u2013 Avalia\u00e7\u00e3o Educacional<\/span><\/td>\n<\/tr>\n<tr style=\"height: 24px;\">\n<td style=\"width: 42.6061%; border-style: solid; border-color: #000000; height: 24px;\"><span style=\"color: #000000;\">MA 43 \u2013 C\u00e1lculo Num\u00e9rico<\/span><\/td>\n<td style=\"width: 57.3939%; border-style: solid; border-color: #000000; height: 24px;\"><span style=\"color: #000000;\">MA 44 \u2013 Matem\u00e1tica e Atualidade II<\/span><\/td>\n<\/tr>\n<tr style=\"height: 24px;\">\n<td style=\"width: 42.6061%; border-style: solid; border-color: #000000; height: 24px;\"><span style=\"color: #000000;\">MA 24 \u2013 Trabalho de Conclus\u00e3o de Curso<\/span><\/td>\n<td style=\"width: 57.3939%; border-style: solid; border-color: #000000; height: 24px;\"><\/td>\n<\/tr>\n<\/tbody>\n<\/table>\n<p>&nbsp;<\/p>\n<p><span style=\"color: #000000;\">Para a conclus\u00e3o do Mestrado Profissional em Matem\u00e1tica, o aluno deve obter 66 cr\u00e9ditos, sendo 52 em disciplinas obrigat\u00f3rias (inclu\u00eddo a Disserta\u00e7\u00e3o) e 14 em disciplinas eletivas. Cada cr\u00e9dito corresponde a 15 horas de atividade presencial, de tutoria ou de estudo \u00e0 dist\u00e2ncia.<\/span><\/p>\n<p><a href=\"https:\/\/sbm.org.br\/profmat\/wp-content\/uploads\/sites\/4\/sites\/4\/2021\/10\/Catalogo-de-Disciplinas_2017.pdf\">Cat\u00e1logo das disciplinas<\/a><\/p>\n","protected":false},"excerpt":{"rendered":"<p>O projeto pedag\u00f3gico do PROFMAT oferece atividades presenciais e a dist\u00e2ncia, as quais s\u00e3o organizadas em disciplinas obrigat\u00f3rias, disciplinas eletivas e trabalho de conclus\u00e3o de curso do PROFMAT, conforme a Matriz Curricular definida pela Comiss\u00e3o Acad\u00eamica Nacional e s\u00e3o oferecidas regularmente em tr\u00eas per\u00edodos letivos: Primeiro Per\u00edodo Letivo, Segundo Per\u00edodo Letivo e Per\u00edodo de Ver\u00e3o, [&hellip;]<\/p>\n","protected":false},"author":2,"featured_media":0,"parent":0,"menu_order":0,"comment_status":"closed","ping_status":"closed","template":"","meta":{"footnotes":""},"class_list":["post-42","page","type-page","status-publish","hentry"],"_links":{"self":[{"href":"https:\/\/profmat.unilab.edu.br\/index.php\/wp-json\/wp\/v2\/pages\/42","targetHints":{"allow":["GET"]}}],"collection":[{"href":"https:\/\/profmat.unilab.edu.br\/index.php\/wp-json\/wp\/v2\/pages"}],"about":[{"href":"https:\/\/profmat.unilab.edu.br\/index.php\/wp-json\/wp\/v2\/types\/page"}],"author":[{"embeddable":true,"href":"https:\/\/profmat.unilab.edu.br\/index.php\/wp-json\/wp\/v2\/users\/2"}],"replies":[{"embeddable":true,"href":"https:\/\/profmat.unilab.edu.br\/index.php\/wp-json\/wp\/v2\/comments?post=42"}],"version-history":[{"count":12,"href":"https:\/\/profmat.unilab.edu.br\/index.php\/wp-json\/wp\/v2\/pages\/42\/revisions"}],"predecessor-version":[{"id":739,"href":"https:\/\/profmat.unilab.edu.br\/index.php\/wp-json\/wp\/v2\/pages\/42\/revisions\/739"}],"wp:attachment":[{"href":"https:\/\/profmat.unilab.edu.br\/index.php\/wp-json\/wp\/v2\/media?parent=42"}],"curies":[{"name":"wp","href":"https:\/\/api.w.org\/{rel}","templated":true}]}}