{"id":40,"date":"2018-09-12T20:49:45","date_gmt":"2018-09-12T23:49:45","guid":{"rendered":"http:\/\/mih.unilab.edu.br\/?page_id=35"},"modified":"2018-10-08T12:30:44","modified_gmt":"2018-10-08T15:30:44","slug":"objetivos-e-perfil-do-egresso","status":"publish","type":"page","link":"https:\/\/profmat.unilab.edu.br\/index.php\/objetivos-e-perfil-do-egresso\/","title":{"rendered":"Objetivos do Programa"},"content":{"rendered":"<p><span style=\"color: #000000;\">O principal objetivo do PROFMAT \u00e9 oferecer forma\u00e7\u00e3o profissional ampla e s\u00f3lida em Matem\u00e1tica, que contemple as necessidades do trabalho cotidiano dos professores no espa\u00e7o da escola, indo desde um aprimoramento no processo de forma\u00e7\u00e3o continuada de professores at\u00e9 mudan\u00e7as efetivas da pr\u00e1tica em sala de aula, assim como suas necessidades de desenvolvimento e de valoriza\u00e7\u00e3o profissional. Visa, ainda, o desenvolvimento de uma postura cr\u00edtica acerca dos conte\u00fados de Matem\u00e1tica na Educa\u00e7\u00e3o B\u00e1sica.<\/span><\/p>\n<p><span style=\"color: #000000;\">S\u00e3o diretrizes do PROFMAT:<\/span><\/p>\n<ul>\n<li><span style=\"color: #000000;\">Executar um processo de forma\u00e7\u00e3o complementar em Matem\u00e1tica, baseado nos conte\u00fados curriculares do Ensino B\u00e1sico, que promova o dom\u00ednio dos conte\u00fados apropriados, da forma de pensar e das estrat\u00e9gias de resolu\u00e7\u00e3o de problemas caracter\u00edsticos da Matem\u00e1tica;<\/span><\/li>\n<li><span style=\"color: #000000;\">Promover uma articula\u00e7\u00e3o eficaz entre conhecimentos e pr\u00e1ticas das Ci\u00eancias Matem\u00e1ticas e do Ensino B\u00e1sico, direcionada aos objetivos da Educa\u00e7\u00e3o B\u00e1sica;<\/span><\/li>\n<li><span style=\"color: #000000;\">Estimular e promover a independ\u00eancia do professor, fornecendo-lhe instrumentos para busca por conhecimento e desenvolvimento profissional, de forma aut\u00f4noma e permanente;<\/span><\/li>\n<li><span style=\"color: #000000;\">Incentivar a pesquisa e a produ\u00e7\u00e3o de materiais e pr\u00e1ticas pedag\u00f3gicas inovadoras para o enriquecimento do processo de ensino e aprendizagem de Matem\u00e1tica na escola (textos, atividades, <em>softwares<\/em>, simula\u00e7\u00f5es, pr\u00e1ticas pedag\u00f3gicas inovadoras e diferenciadas em ambientes de aprendizagem etc.).<\/span><\/li>\n<\/ul>\n","protected":false},"excerpt":{"rendered":"<p>O principal objetivo do PROFMAT \u00e9 oferecer forma\u00e7\u00e3o profissional ampla e s\u00f3lida em Matem\u00e1tica, que contemple as necessidades do trabalho cotidiano dos professores no espa\u00e7o da escola, indo desde um aprimoramento no processo de forma\u00e7\u00e3o continuada de professores at\u00e9 mudan\u00e7as efetivas da pr\u00e1tica em sala de aula, assim como suas necessidades de desenvolvimento e de [&hellip;]<\/p>\n","protected":false},"author":2,"featured_media":0,"parent":0,"menu_order":0,"comment_status":"closed","ping_status":"closed","template":"","meta":{"footnotes":""},"class_list":["post-40","page","type-page","status-publish","hentry"],"_links":{"self":[{"href":"https:\/\/profmat.unilab.edu.br\/index.php\/wp-json\/wp\/v2\/pages\/40","targetHints":{"allow":["GET"]}}],"collection":[{"href":"https:\/\/profmat.unilab.edu.br\/index.php\/wp-json\/wp\/v2\/pages"}],"about":[{"href":"https:\/\/profmat.unilab.edu.br\/index.php\/wp-json\/wp\/v2\/types\/page"}],"author":[{"embeddable":true,"href":"https:\/\/profmat.unilab.edu.br\/index.php\/wp-json\/wp\/v2\/users\/2"}],"replies":[{"embeddable":true,"href":"https:\/\/profmat.unilab.edu.br\/index.php\/wp-json\/wp\/v2\/comments?post=40"}],"version-history":[{"count":5,"href":"https:\/\/profmat.unilab.edu.br\/index.php\/wp-json\/wp\/v2\/pages\/40\/revisions"}],"predecessor-version":[{"id":230,"href":"https:\/\/profmat.unilab.edu.br\/index.php\/wp-json\/wp\/v2\/pages\/40\/revisions\/230"}],"wp:attachment":[{"href":"https:\/\/profmat.unilab.edu.br\/index.php\/wp-json\/wp\/v2\/media?parent=40"}],"curies":[{"name":"wp","href":"https:\/\/api.w.org\/{rel}","templated":true}]}}