{"id":36,"date":"2018-09-12T20:46:00","date_gmt":"2018-09-12T23:46:00","guid":{"rendered":"http:\/\/mih.unilab.edu.br\/?page_id=27"},"modified":"2018-10-08T12:31:09","modified_gmt":"2018-10-08T15:31:09","slug":"area-de-concentracao-e-linhas-de-pesquisas","status":"publish","type":"page","link":"https:\/\/profmat.unilab.edu.br\/index.php\/area-de-concentracao-e-linhas-de-pesquisas\/","title":{"rendered":"\u00c1rea de Concentra\u00e7\u00e3o e Linhas de Pesquisas"},"content":{"rendered":"<p><span style=\"color: #000000;\">A seguir, apresentamos as cinco \u00e1reas de concentra\u00e7\u00e3o do curso de Mestrado Profissional em Matem\u00e1tica com suas descri\u00e7\u00f5es.<\/span><\/p>\n<table style=\"height: 201px; width: 0%; border-collapse: collapse; border-color: #000000; border-style: solid;\" border=\"1\">\n<tbody>\n<tr style=\"height: 24px; background-color: #27f5f5;\">\n<td style=\"width: 270px; height: 24px; text-align: center; border-style: solid; border-color: #000000;\"><span style=\"color: #000000;\"><strong>\u00c1reas de Concentra\u00e7\u00e3o<\/strong><\/span><\/td>\n<td style=\"width: 782px; height: 24px; text-align: center; border-style: solid; border-color: #000000;\"><span style=\"color: #000000;\"><strong>Descri\u00e7\u00e3o<\/strong><\/span><\/td>\n<\/tr>\n<tr style=\"height: 81px;\">\n<td style=\"width: 270px; height: 81px; text-align: center; border-style: solid; border-color: #000000;\"><span style=\"color: #000000;\">\u00c1lgebra<\/span><\/td>\n<td style=\"width: 782px; height: 81px; border-style: solid; border-color: #000000;\"><span style=\"color: #000000;\">Estudo das estruturas alg\u00e9bricas, ou seja, das propriedades induzidas por opera\u00e7\u00f5es formais entre os elementos de conjuntos. Inclui, por exemplo, as propriedades dos n\u00fameros inteiros \u2013 teoria dos n\u00fameros e geometria dos conjuntos definidos por sistemas de equa\u00e7\u00f5es polinomiais \u2013 geometria alg\u00e9brica.<\/span><\/td>\n<\/tr>\n<tr style=\"height: 24px;\">\n<td style=\"width: 270px; height: 24px; text-align: center; border-style: solid; border-color: #000000;\"><span style=\"color: #000000;\">An\u00e1lise Matem\u00e1tica<\/span><\/td>\n<td style=\"width: 782px; height: 24px; border-style: solid; border-color: #000000;\"><span style=\"color: #000000;\">Estudo fundamentado no conceito de limite, que inclui desde a estrutura m\u00e9trica dos n\u00fameros reais at\u00e9 o estudo sistem\u00e1tico da estrutura de espa\u00e7os de fun\u00e7\u00f5es, de solu\u00e7\u00f5es de equa\u00e7\u00f5es diferenciais e dos conceitos de medida e de integral.<\/span><\/td>\n<\/tr>\n<tr style=\"height: 24px;\">\n<td style=\"width: 270px; height: 24px; text-align: center; border-style: solid; border-color: #000000;\"><span style=\"color: #000000;\">Geometria e Topologia<\/span><\/td>\n<td style=\"width: 782px; height: 24px; border-style: solid; border-color: #000000;\"><span style=\"color: #000000;\">\u00c1rea de estudo das propriedades topol\u00f3gicas, m\u00e9tricas e invariantes por deforma\u00e7\u00e3o dos espa\u00e7os localmente modelados nos espa\u00e7os euclidianos.<\/span><\/td>\n<\/tr>\n<tr style=\"height: 24px;\">\n<td style=\"width: 270px; height: 24px; text-align: center; border-style: solid; border-color: #000000;\"><span style=\"color: #000000;\">Matem\u00e1tica Aplicada<\/span><\/td>\n<td style=\"width: 782px; height: 24px; border-style: solid; border-color: #000000;\"><span style=\"color: #000000;\">Estudo interdisciplinar das aplica\u00e7\u00f5es dos m\u00e9todos e ideias matem\u00e1ticas nas diversas \u00e1reas de interesse cient\u00edfico, tecnol\u00f3gico ou social, por meio do desenvolvimento de modelos matem\u00e1ticos para situa\u00e7\u00f5es de interesse, pelo estudo te\u00f3rico ou computacional destes modelos e pelo desenvolvimento de m\u00e9todos para o estudo sistem\u00e1tico destes modelos.<\/span><\/td>\n<\/tr>\n<tr style=\"height: 24px;\">\n<td style=\"width: 270px; height: 24px; text-align: center; border-style: solid; border-color: #000000;\"><span style=\"color: #000000;\">Ensino de Matem\u00e1tica<\/span><\/td>\n<td style=\"width: 782px; height: 24px; border-style: solid; border-color: #000000;\"><span style=\"color: #000000;\">Trata-se do estudo das formas e estrat\u00e9gias de ensino-aprendizagem de conte\u00fado matem\u00e1tico.<\/span><\/td>\n<\/tr>\n<\/tbody>\n<\/table>\n<p><span style=\"color: #000000;\">As linhas de pesquisa do PROFMAT s\u00e3o descritas na tabela a seguir, relacionando com a \u00e1rea de concentra\u00e7\u00e3o e uma breve descri\u00e7\u00e3o.<\/span><\/p>\n<table style=\"border-collapse: collapse; width: 100%; height: 288px;\" border=\"1\">\n<tbody>\n<tr style=\"height: 24px; background-color: #27f5f5;\">\n<td style=\"width: 25.779%; height: 24px; text-align: center; border-style: solid; border-color: #000000;\"><span style=\"color: #000000;\"><strong>Linha de pesquisa<\/strong><\/span><\/td>\n<td style=\"width: 20.3966%; height: 24px; text-align: center; border-style: solid; border-color: #000000;\"><span style=\"color: #000000;\"><strong>\u00c1rea de Concentra\u00e7\u00e3o<\/strong><\/span><\/td>\n<td style=\"width: 53.8243%; height: 24px; text-align: center; border-style: solid; border-color: #000000;\"><span style=\"color: #000000;\"><strong>Descri\u00e7\u00e3o<\/strong><\/span><\/td>\n<\/tr>\n<tr style=\"height: 48px;\">\n<td style=\"width: 25.779%; height: 48px; text-align: center; border-style: solid; border-color: #000000;\"><span style=\"color: #000000;\">An\u00e1lise Funcional<\/span><\/td>\n<td style=\"width: 20.3966%; height: 48px; text-align: center; border-style: solid; border-color: #000000;\"><span style=\"color: #000000;\">An\u00e1lise Matem\u00e1tica<\/span><\/td>\n<td style=\"width: 53.8243%; height: 48px; border-style: solid; border-color: #000000;\"><span style=\"color: #000000;\">Propriedades e estrutura dos espa\u00e7os de fun\u00e7\u00f5es e suas aplica\u00e7\u00f5es.<\/span><\/td>\n<\/tr>\n<tr style=\"height: 24px;\">\n<td style=\"width: 25.779%; height: 24px; text-align: center; border-style: solid; border-color: #000000;\"><span style=\"color: #000000;\">Equa\u00e7\u00f5es Diferenciais Parciais e Ordin\u00e1rias<\/span><\/td>\n<td style=\"width: 20.3966%; height: 24px; text-align: center; border-style: solid; border-color: #000000;\"><span style=\"color: #000000;\">An\u00e1lise Matem\u00e1tica<\/span><\/td>\n<td style=\"width: 53.8243%; height: 24px; border-style: solid; border-color: #000000;\"><span style=\"color: #000000;\">Estudo da exist\u00eancia, unicidade, regularidade e propriedades de solu\u00e7\u00f5es de equa\u00e7\u00f5es ou sistemas de equa\u00e7\u00f5es a derivadas parciais e ordin\u00e1rias e suas aplica\u00e7\u00f5es.<\/span><\/td>\n<\/tr>\n<tr style=\"height: 24px;\">\n<td style=\"width: 25.779%; height: 24px; text-align: center; border-style: solid; border-color: #000000;\"><span style=\"color: #000000;\">Sistemas Din\u00e2micos<\/span><\/td>\n<td style=\"width: 20.3966%; height: 24px; text-align: center; border-style: solid; border-color: #000000;\"><span style=\"color: #000000;\">Geometria e Topologia<\/span><\/td>\n<td style=\"width: 53.8243%; height: 24px; border-style: solid; border-color: #000000;\"><span style=\"color: #000000;\">Estudos das propriedades qualitativas de sistemas descritos por processos evolutivos determin\u00edsticos e suas aplica\u00e7\u00f5es.<\/span><\/td>\n<\/tr>\n<tr style=\"height: 24px;\">\n<td style=\"width: 25.779%; height: 24px; text-align: center; border-style: solid; border-color: #000000;\"><span style=\"color: #000000;\">Geometria<\/span><br \/>\n<span style=\"color: #000000;\">Diferencial<\/span><\/td>\n<td style=\"width: 20.3966%; height: 24px; text-align: center; border-style: solid; border-color: #000000;\"><span style=\"color: #000000;\">Geometria e Topologia<\/span><\/td>\n<td style=\"width: 53.8243%; height: 24px; border-style: solid; border-color: #000000;\"><span style=\"color: #000000;\">Estudo das propriedades globais de espa\u00e7os m\u00e9tricos localmente euclidianos e suas aplica\u00e7\u00f5es.<\/span><\/td>\n<\/tr>\n<tr style=\"height: 24px;\">\n<td style=\"width: 25.779%; height: 24px; text-align: center; border-style: solid; border-color: #000000;\"><span style=\"color: #000000;\">Otimiza\u00e7\u00e3o<\/span><\/td>\n<td style=\"width: 20.3966%; height: 24px; text-align: center; border-style: solid; border-color: #000000;\"><span style=\"color: #000000;\">Matem\u00e1tica Aplicada<\/span><\/td>\n<td style=\"width: 53.8243%; height: 24px; border-style: solid; border-color: #000000;\"><span style=\"color: #000000;\">Estudos de m\u00e9todos computacionais ou te\u00f3ricos para encontrar valores e pontos extremos de funcionais, sujeitos a restri\u00e7\u00f5es e suas aplica\u00e7\u00f5es.<\/span><\/td>\n<\/tr>\n<tr style=\"height: 24px;\">\n<td style=\"width: 25.779%; height: 24px; text-align: center; border-style: solid; border-color: #000000;\"><span style=\"color: #000000;\">An\u00e1lise<\/span><br \/>\n<span style=\"color: #000000;\">Num\u00e9rica<\/span><\/td>\n<td style=\"width: 20.3966%; height: 24px; text-align: center; border-style: solid; border-color: #000000;\"><span style=\"color: #000000;\">Matem\u00e1tica Aplicada<\/span><\/td>\n<td style=\"width: 53.8243%; height: 24px; border-style: solid; border-color: #000000;\"><span style=\"color: #000000;\">Estudo de m\u00e9todos de aproxima\u00e7\u00e3o de problemas com vari\u00e1veis cont\u00ednuas por processos discretos e suas aplica\u00e7\u00f5es.<\/span><\/td>\n<\/tr>\n<tr style=\"height: 24px;\">\n<td style=\"width: 25.779%; height: 24px; text-align: center; border-style: solid; border-color: #000000;\"><span style=\"color: #000000;\">Teoria dos<\/span><br \/>\n<span style=\"color: #000000;\">N\u00fameros<\/span><\/td>\n<td style=\"width: 20.3966%; height: 24px; text-align: center; border-style: solid; border-color: #000000;\"><span style=\"color: #000000;\">\u00c1lgebra<\/span><\/td>\n<td style=\"width: 53.8243%; height: 24px; border-style: solid; border-color: #000000;\"><span style=\"color: #000000;\">Estudo das propriedades dos n\u00fameros inteiros e suas aplica\u00e7\u00f5es.<\/span><\/td>\n<\/tr>\n<tr style=\"height: 24px;\">\n<td style=\"width: 25.779%; height: 24px; text-align: center; border-style: solid; border-color: #000000;\"><span style=\"color: #000000;\">Geometria<\/span><br \/>\n<span style=\"color: #000000;\">Alg\u00e9brica<\/span><\/td>\n<td style=\"width: 20.3966%; height: 24px; text-align: center; border-style: solid; border-color: #000000;\"><span style=\"color: #000000;\">\u00c1lgebra e Geometria<\/span><\/td>\n<td style=\"width: 53.8243%; height: 24px; border-style: solid; border-color: #000000;\"><span style=\"color: #000000;\">Estudo das propriedades de espa\u00e7os definidos por sistemas de equa\u00e7\u00f5es polinomiais e suas aplica\u00e7\u00f5es.<\/span><\/td>\n<\/tr>\n<tr style=\"height: 24px;\">\n<td style=\"width: 25.779%; height: 24px; text-align: center; border-style: solid; border-color: #000000;\"><span style=\"color: #000000;\">Ensino B\u00e1sico de<\/span><br \/>\n<span style=\"color: #000000;\">Matem\u00e1tica<\/span><\/td>\n<td style=\"width: 20.3966%; height: 24px; text-align: center; border-style: solid; border-color: #000000;\"><span style=\"color: #000000;\">Ensino de Matem\u00e1tica<\/span><\/td>\n<td style=\"width: 53.8243%; height: 24px; border-style: solid; border-color: #000000;\"><span style=\"color: #000000;\">M\u00e9todos e processos no ensino-aprendizagem de matem\u00e1tica para crian\u00e7as e adolescentes no contexto do ensino fundamental e m\u00e9dio.<\/span><\/td>\n<\/tr>\n<tr style=\"height: 24px;\">\n<td style=\"width: 25.779%; height: 24px; text-align: center; border-style: solid; border-color: #000000;\"><span style=\"color: #000000;\">Ensino<\/span><br \/>\n<span style=\"color: #000000;\">Universit\u00e1rio de<\/span><br \/>\n<span style=\"color: #000000;\">Matem\u00e1tica<\/span><\/td>\n<td style=\"width: 20.3966%; height: 24px; text-align: center; border-style: solid; border-color: #000000;\"><span style=\"color: #000000;\">Ensino de Matem\u00e1tica<\/span><\/td>\n<td style=\"width: 53.8243%; height: 24px; border-style: solid; border-color: #000000;\"><span style=\"color: #000000;\">M\u00e9todos e processos no ensino-aprendizagem de matem\u00e1tica para jovens adultos no contexto do ensino universit\u00e1rio.<\/span><\/td>\n<\/tr>\n<\/tbody>\n<\/table>\n<p>&nbsp;<\/p>\n","protected":false},"excerpt":{"rendered":"<p>A seguir, apresentamos as cinco \u00e1reas de concentra\u00e7\u00e3o do curso de Mestrado Profissional em Matem\u00e1tica com suas descri\u00e7\u00f5es. \u00c1reas de Concentra\u00e7\u00e3o Descri\u00e7\u00e3o \u00c1lgebra Estudo das estruturas alg\u00e9bricas, ou seja, das propriedades induzidas por opera\u00e7\u00f5es formais entre os elementos de conjuntos. Inclui, por exemplo, as propriedades dos n\u00fameros inteiros \u2013 teoria dos n\u00fameros e geometria dos [&hellip;]<\/p>\n","protected":false},"author":2,"featured_media":0,"parent":0,"menu_order":0,"comment_status":"closed","ping_status":"closed","template":"","meta":{"footnotes":""},"class_list":["post-36","page","type-page","status-publish","hentry"],"_links":{"self":[{"href":"https:\/\/profmat.unilab.edu.br\/index.php\/wp-json\/wp\/v2\/pages\/36","targetHints":{"allow":["GET"]}}],"collection":[{"href":"https:\/\/profmat.unilab.edu.br\/index.php\/wp-json\/wp\/v2\/pages"}],"about":[{"href":"https:\/\/profmat.unilab.edu.br\/index.php\/wp-json\/wp\/v2\/types\/page"}],"author":[{"embeddable":true,"href":"https:\/\/profmat.unilab.edu.br\/index.php\/wp-json\/wp\/v2\/users\/2"}],"replies":[{"embeddable":true,"href":"https:\/\/profmat.unilab.edu.br\/index.php\/wp-json\/wp\/v2\/comments?post=36"}],"version-history":[{"count":10,"href":"https:\/\/profmat.unilab.edu.br\/index.php\/wp-json\/wp\/v2\/pages\/36\/revisions"}],"predecessor-version":[{"id":231,"href":"https:\/\/profmat.unilab.edu.br\/index.php\/wp-json\/wp\/v2\/pages\/36\/revisions\/231"}],"wp:attachment":[{"href":"https:\/\/profmat.unilab.edu.br\/index.php\/wp-json\/wp\/v2\/media?parent=36"}],"curies":[{"name":"wp","href":"https:\/\/api.w.org\/{rel}","templated":true}]}}