{"id":23,"date":"2018-09-12T20:43:38","date_gmt":"2018-09-12T23:43:38","guid":{"rendered":"http:\/\/mih.unilab.edu.br\/?page_id=23"},"modified":"2025-06-12T10:46:26","modified_gmt":"2025-06-12T13:46:26","slug":"estrutura-administrativa","status":"publish","type":"page","link":"https:\/\/profmat.unilab.edu.br\/index.php\/estrutura-administrativa\/","title":{"rendered":"Estrutura Administrativa"},"content":{"rendered":"<p style=\"text-align: justify;\"><span style=\"color: #000000;\">Coordenador: Prof. Dr. Weslley Marinho Loz\u00f3rio<\/span><\/p>\n<p><span style=\"color: #000000;\">Vice-Coordenador: Prof. Dr. Rafael Jorge Pontes Di\u00f3genes<\/span><\/p>\n<p style=\"text-align: justify;\"><span style=\"color: #000000;\">Secret\u00e1rio: Francisco Augusto Lima Filho<\/span><\/p>\n<p style=\"text-align: justify;\"><span style=\"color: #000000;\">Assistente de Apoio \u00e0 Gest\u00e3o: Carla Constantino Alves de Oliveira\u00a0<\/span><\/p>\n<p style=\"text-align: justify;\"><span style=\"color: #000000;\">Hor\u00e1rio de expediente da secretaria: Manh\u00e3 \u2013 8h \u00e0s 12h \/ Tarde: 13h \u00e0s 17h<\/span><\/p>\n<p><span style=\"color: #000000;\">Endere\u00e7o Postal: Univ<span style=\"letter-spacing: -.05pt;\">e<\/span>rsid<span style=\"letter-spacing: -.05pt;\">a<\/span><span style=\"letter-spacing: .1pt;\">d<\/span>e da <span style=\"letter-spacing: -.3pt;\">I<\/span>nt<span style=\"letter-spacing: .1pt;\">e<\/span>gr<span style=\"letter-spacing: -.1pt;\">a<\/span><span style=\"letter-spacing: .05pt;\">\u00e7<\/span><span style=\"letter-spacing: -.05pt;\">\u00e3<\/span>o <span style=\"letter-spacing: -.15pt;\">I<\/span>nte<span style=\"letter-spacing: -.05pt;\">r<\/span><span style=\"letter-spacing: .1pt;\">n<\/span><span style=\"letter-spacing: .05pt;\">a<\/span><span style=\"letter-spacing: -.05pt;\">c<\/span>ional da <span style=\"letter-spacing: -.25pt;\">L<\/span>us<span style=\"letter-spacing: .1pt;\">o<\/span>fonia <span style=\"letter-spacing: .1pt;\">A<\/span>f<span style=\"letter-spacing: -.05pt;\">r<\/span><span style=\"letter-spacing: .25pt;\">o<\/span><span style=\"letter-spacing: .1pt;\">&#8211;<\/span><span style=\"letter-spacing: -.1pt;\">B<\/span>r<span style=\"letter-spacing: -.1pt;\">a<\/span>si<span style=\"letter-spacing: .05pt;\">l<\/span><span style=\"letter-spacing: -.05pt;\">e<\/span>i<span style=\"letter-spacing: .1pt;\">r<\/span>a <span style=\"letter-spacing: -.05pt;\">(<\/span>U<span style=\"letter-spacing: .1pt;\">N<\/span>I<span style=\"letter-spacing: -.15pt;\">L<\/span><span style=\"letter-spacing: .1pt;\">A<\/span><span style=\"letter-spacing: -.05pt;\">B<\/span>), <span style=\"letter-spacing: .05pt;\">S<\/span><span style=\"letter-spacing: -.05pt;\">e<\/span><span style=\"letter-spacing: .05pt;\">c<\/span>r<span style=\"letter-spacing: -.1pt;\">e<\/span>ta<span style=\"letter-spacing: -.05pt;\">r<\/span><span style=\"letter-spacing: .15pt;\">i<\/span>a do PROFMAT, Bloco B, s<span style=\"letter-spacing: -.05pt;\">a<\/span>la 225, Campus das Auroras,\u00a0Rua Jos\u00e9 Franco de Oliveira, s\/n, 62790-970 \u2013 Reden\u00e7\u00e3o \u2013 CE \u2013 Brasil<\/span><\/p>\n<p><span style=\"color: #000000;\">T<span style=\"letter-spacing: -.05pt;\">e<\/span>l.:<span style=\"letter-spacing: -.05pt;\">+<\/span><span style=\"letter-spacing: .1pt;\">5<\/span>5 (85) 3332 6294<\/span><\/p>\n<p><span style=\"color: #000000;\">E-mail: profmat@unilab.edu.br<\/span><\/p>\n","protected":false},"excerpt":{"rendered":"<p>Coordenador: Prof. Dr. Weslley Marinho Loz\u00f3rio Vice-Coordenador: Prof. Dr. Rafael Jorge Pontes Di\u00f3genes Secret\u00e1rio: Francisco Augusto Lima Filho Assistente de Apoio \u00e0 Gest\u00e3o: Carla Constantino Alves de Oliveira\u00a0 Hor\u00e1rio de expediente da secretaria: Manh\u00e3 \u2013 8h \u00e0s 12h \/ Tarde: 13h \u00e0s 17h Endere\u00e7o Postal: Universidade da Integra\u00e7\u00e3o Internacional da Lusofonia Afro&#8211;Brasileira (UNILAB), Secretaria do [&hellip;]<\/p>\n","protected":false},"author":2,"featured_media":0,"parent":0,"menu_order":0,"comment_status":"closed","ping_status":"closed","template":"","meta":{"footnotes":""},"class_list":["post-23","page","type-page","status-publish","hentry"],"_links":{"self":[{"href":"https:\/\/profmat.unilab.edu.br\/index.php\/wp-json\/wp\/v2\/pages\/23","targetHints":{"allow":["GET"]}}],"collection":[{"href":"https:\/\/profmat.unilab.edu.br\/index.php\/wp-json\/wp\/v2\/pages"}],"about":[{"href":"https:\/\/profmat.unilab.edu.br\/index.php\/wp-json\/wp\/v2\/types\/page"}],"author":[{"embeddable":true,"href":"https:\/\/profmat.unilab.edu.br\/index.php\/wp-json\/wp\/v2\/users\/2"}],"replies":[{"embeddable":true,"href":"https:\/\/profmat.unilab.edu.br\/index.php\/wp-json\/wp\/v2\/comments?post=23"}],"version-history":[{"count":11,"href":"https:\/\/profmat.unilab.edu.br\/index.php\/wp-json\/wp\/v2\/pages\/23\/revisions"}],"predecessor-version":[{"id":915,"href":"https:\/\/profmat.unilab.edu.br\/index.php\/wp-json\/wp\/v2\/pages\/23\/revisions\/915"}],"wp:attachment":[{"href":"https:\/\/profmat.unilab.edu.br\/index.php\/wp-json\/wp\/v2\/media?parent=23"}],"curies":[{"name":"wp","href":"https:\/\/api.w.org\/{rel}","templated":true}]}}